{"id":422,"date":"2020-03-30T12:40:24","date_gmt":"2020-03-30T12:40:24","guid":{"rendered":"http:\/\/drilopark.com\/?page_id=422"},"modified":"2020-05-11T08:57:32","modified_gmt":"2020-05-11T08:57:32","slug":"calibre-50","status":"publish","type":"page","link":"https:\/\/drilopark.com\/?page_id=422","title":{"rendered":"Calibre 50"},"content":{"rendered":"[et_pb_section fb_built=\u00bb1&#8243; _builder_version=\u00bb4.4.5&#8243; background_color=\u00bb#72caee\u00bb locked=\u00bboff\u00bb][et_pb_row _builder_version=\u00bb4.4.5&#8243;][et_pb_column type=\u00bb4_4&#8243; _builder_version=\u00bb4.4.5&#8243;][et_pb_text _builder_version=\u00bb4.4.5&#8243; text_font=\u00bbNeucha||||||||\u00bb text_font_size=\u00bb18px\u00bb header_3_font=\u00bbNeucha|700||on|||||\u00bb header_3_text_align=\u00bbcenter\u00bb header_3_text_color=\u00bb#edf000&#8243; header_3_font_size=\u00bb40px\u00bb custom_margin=\u00bb0px||45px||false|false\u00bb animation_style=\u00bbslide\u00bb]\n<h3>Calibre 50<\/h3>\n[\/et_pb_text][\/et_pb_column][\/et_pb_row][et_pb_row column_structure=\u00bb1_2,1_2&#8243; use_custom_gutter=\u00bbon\u00bb _builder_version=\u00bb4.4.3&#8243; width=\u00bb100%\u00bb max_width=\u00bb1300px\u00bb][et_pb_column type=\u00bb1_2&#8243; _builder_version=\u00bb4.4.3&#8243;][et_pb_gallery gallery_ids=\u00bb1230,1231,1232,1233,1234,1235,1236,1237&#8243; posts_number=\u00bb10&#8243; show_title_and_caption=\u00bboff\u00bb show_pagination=\u00bboff\u00bb hover_icon=\u00bb%%51%%\u00bb _builder_version=\u00bb4.4.5&#8243; animation_style=\u00bbslide\u00bb hover_enabled=\u00bb0&#8243; custom_css_gallery_item=\u00bbpadding: 3px;\u00bb border_radii_image=\u00bbon|30px|30px|30px|30px\u00bb border_width_all_image=\u00bb3px\u00bb border_color_all_image=\u00bb#e02b20&#8243;][\/et_pb_gallery][\/et_pb_column][et_pb_column type=\u00bb1_2&#8243; _builder_version=\u00bb4.4.3&#8243;][et_pb_text _builder_version=\u00bb4.4.5&#8243; text_font=\u00bbNeucha||||||||\u00bb text_text_color=\u00bb#ffffff\u00bb text_font_size=\u00bb20px\u00bb header_font_size=\u00bb24px\u00bb header_3_font=\u00bbNeucha|||on|||||\u00bb header_3_text_color=\u00bb#0da0c5&#8243; header_3_font_size=\u00bb25px\u00bb custom_margin=\u00bb0px||45px||false|false\u00bb animation_style=\u00bbslide\u00bb]\n<h3 style=\"text-align: justify;\">Un cumplea\u00f1os diferente<\/h3>\n<p style=\"text-align: justify;\">Si eres mayor de 10 a\u00f1os tienes la oportunidad de celebrar un cumplea\u00f1os diferente jugando al paintball<\/p>\n<p style=\"text-align: justify;\">En paintball <strong>Calibre 50<\/strong> disponemos de un equipo especializado y adaptado para ni\u00f1@s entre 10* y 16 a\u00f1os. Esta modalidad cuenta con el mismo equipamiento que la modalidad adulta (monos, chalecos protectores, mascaras profesionales) a diferencia de la marcadora especial <strong>JT Splatmaster Z200<\/strong> <u>sin aire comprimido<\/u> y menor peso, la bola es biodegradable y no t\u00f3xica.<\/p>\n<p style=\"text-align: justify;\">Los ni\u00f1os pasaran un d\u00eda inolvidable aprendiendo a trabajar en equipo en plena batalla siempre atendiendo a unas normas de seguridad, acompa\u00f1ados en todo momento por monitores que supervisaran y acompa\u00f1aran a todos los participantes.<\/p>\n<h3 style=\"text-align: justify;\"><span style=\"color: #ff0000;\"><strong><\/strong><\/span><\/h3>\n<h3 style=\"text-align: justify;\">\u00a1La diversi\u00f3n est\u00e1 asegurada!<\/h3>\n[\/et_pb_text][et_pb_pricing_tables featured_table_bullet_color=\u00bbrgba(0,0,0,0)\u00bb bullet_color=\u00bbrgba(0,0,0,0)\u00bb _builder_version=\u00bb4.4.3&#8243; body_text_align=\u00bbcenter\u00bb width=\u00bb100%\u00bb max_width=\u00bb80%\u00bb module_alignment=\u00bbcenter\u00bb animation_style=\u00bbslide\u00bb][et_pb_pricing_table per=\u00bbeuros por participante\u00bb sum=\u00bb16&#8243; bullet_color=\u00bbrgba(0,0,0,0)\u00bb price_background_color=\u00bb#e02b20&#8243; header_background_color=\u00bb#e02b20&#8243; _builder_version=\u00bb4.4.3&#8243; price_text_color=\u00bb#ffffff\u00bb header_font=\u00bbNeucha|700|||||||\u00bb header_font_size=\u00bb40px\u00bb body_font=\u00bbNeucha||||||||\u00bb body_font_size=\u00bb18px\u00bb body_line_height=\u00bb1em\u00bb subheader_font=\u00bbNeucha||||||||\u00bb subheader_font_size=\u00bb20px\u00bb price_font=\u00bbNeucha|700|||||||\u00bb price_font_size=\u00bb75px\u00bb currency_frequency_font=\u00bbNeucha|700|||||||\u00bb currency_frequency_text_color=\u00bb#ffffff\u00bb currency_frequency_font_size=\u00bb19px\u00bb border_radii=\u00bbon|40px|40px|40px|40px\u00bb box_shadow_style=\u00bbpreset1&#8243;]\n<p><img loading=\"lazy\" decoding=\"async\" src=\"https:\/\/drilopark.com\/wp-content\/uploads\/2020\/04\/calibre-web-300x219.png\" width=\"160\" height=\"117\" alt=\"\" class=\"wp-image-1240 alignnone size-medium\" style=\"display: block; margin-left: auto; margin-right: auto;\" srcset=\"https:\/\/drilopark.com\/wp-content\/uploads\/2020\/04\/calibre-web-300x219.png 300w, https:\/\/drilopark.com\/wp-content\/uploads\/2020\/04\/calibre-web.png 350w\" sizes=\"(max-width: 160px) 100vw, 160px\" \/><\/p>\n<p>A partir de 10 a\u00f1os<\/p>\n<p>Minimo 10 participantes<\/p>\n<p>Incluye: 1,5 hora de actividad, mono, chaleco, gafas, m\u00e1scara, <span style=\"color: #ff0000;\"><strong>bolas ilimitadas<\/strong><\/span> y agua durante toda la actividad.<\/p>\n<p>Horario: De Martes a Viernes a partir de las 17:00 h. S\u00e1bados y Domingos. Horarios a consultar.<\/p>\n<p><span style=\"color: #ff0000;\"><strong>625 715 071 \/ 625 714 071<\/strong><\/span><\/p>\n<p>Parque de Ocio Los Juncos. 30500 &#8211; Molina de Segura. Murcia<\/p>\n[\/et_pb_pricing_table][\/et_pb_pricing_tables][\/et_pb_column][\/et_pb_row][\/et_pb_section]\n","protected":false},"excerpt":{"rendered":"<p>Calibre 50Un cumplea\u00f1os diferente Si eres mayor de 10 a\u00f1os tienes la oportunidad de celebrar un cumplea\u00f1os diferente jugando al paintball En paintball Calibre 50 disponemos de un equipo especializado y adaptado para ni\u00f1@s entre 10* y 16 a\u00f1os. Esta modalidad cuenta con el mismo equipamiento que la modalidad adulta (monos, chalecos protectores, mascaras profesionales) [&hellip;]<\/p>\n","protected":false},"author":1,"featured_media":0,"parent":0,"menu_order":0,"comment_status":"closed","ping_status":"closed","template":"","meta":{"_et_pb_use_builder":"on","_et_pb_old_content":"","_et_gb_content_width":"","footnotes":""},"class_list":["post-422","page","type-page","status-publish","hentry"],"yoast_head":"<!-- This site is optimized with the Yoast SEO plugin v19.8 - https:\/\/yoast.com\/wordpress\/plugins\/seo\/ -->\n<title>Calibre 50 - DriloPark<\/title>\n<meta name=\"robots\" content=\"index, follow, max-snippet:-1, max-image-preview:large, max-video-preview:-1\" \/>\n<link rel=\"canonical\" href=\"https:\/\/drilopark.com\/?page_id=422\" \/>\n<meta property=\"og:locale\" content=\"es_ES\" \/>\n<meta property=\"og:type\" content=\"article\" \/>\n<meta property=\"og:title\" content=\"Calibre 50 - DriloPark\" \/>\n<meta property=\"og:description\" content=\"Calibre 50Un cumplea\u00f1os diferente Si eres mayor de 10 a\u00f1os tienes la oportunidad de celebrar un cumplea\u00f1os diferente jugando al paintball En paintball Calibre 50 disponemos de un equipo especializado y adaptado para ni\u00f1@s entre 10* y 16 a\u00f1os. Esta modalidad cuenta con el mismo equipamiento que la modalidad adulta (monos, chalecos protectores, mascaras profesionales) [&hellip;]\" \/>\n<meta property=\"og:url\" content=\"https:\/\/drilopark.com\/?page_id=422\" \/>\n<meta property=\"og:site_name\" content=\"DriloPark\" \/>\n<meta property=\"article:modified_time\" content=\"2020-05-11T08:57:32+00:00\" \/>\n<meta property=\"og:image\" content=\"https:\/\/drilopark.com\/wp-content\/uploads\/2020\/04\/calibre-web-300x219.png\" \/>\n<meta name=\"twitter:card\" content=\"summary_large_image\" \/>\n<meta name=\"twitter:label1\" content=\"Tiempo de lectura\" \/>\n\t<meta name=\"twitter:data1\" content=\"2 minutos\" \/>\n<script type=\"application\/ld+json\" class=\"yoast-schema-graph\">{\"@context\":\"https:\/\/schema.org\",\"@graph\":[{\"@type\":\"WebPage\",\"@id\":\"https:\/\/drilopark.com\/?page_id=422\",\"url\":\"https:\/\/drilopark.com\/?page_id=422\",\"name\":\"Calibre 50 - DriloPark\",\"isPartOf\":{\"@id\":\"https:\/\/drilopark.com\/#website\"},\"datePublished\":\"2020-03-30T12:40:24+00:00\",\"dateModified\":\"2020-05-11T08:57:32+00:00\",\"breadcrumb\":{\"@id\":\"https:\/\/drilopark.com\/?page_id=422#breadcrumb\"},\"inLanguage\":\"es\",\"potentialAction\":[{\"@type\":\"ReadAction\",\"target\":[\"https:\/\/drilopark.com\/?page_id=422\"]}]},{\"@type\":\"BreadcrumbList\",\"@id\":\"https:\/\/drilopark.com\/?page_id=422#breadcrumb\",\"itemListElement\":[{\"@type\":\"ListItem\",\"position\":1,\"name\":\"Portada\",\"item\":\"https:\/\/drilopark.com\/\"},{\"@type\":\"ListItem\",\"position\":2,\"name\":\"Calibre 50\"}]},{\"@type\":\"WebSite\",\"@id\":\"https:\/\/drilopark.com\/#website\",\"url\":\"https:\/\/drilopark.com\/\",\"name\":\"DriloPark\",\"description\":\"Parque Infantil\",\"potentialAction\":[{\"@type\":\"SearchAction\",\"target\":{\"@type\":\"EntryPoint\",\"urlTemplate\":\"https:\/\/drilopark.com\/?s={search_term_string}\"},\"query-input\":\"required name=search_term_string\"}],\"inLanguage\":\"es\"}]}<\/script>\n<!-- \/ Yoast SEO plugin. -->","yoast_head_json":{"title":"Calibre 50 - DriloPark","robots":{"index":"index","follow":"follow","max-snippet":"max-snippet:-1","max-image-preview":"max-image-preview:large","max-video-preview":"max-video-preview:-1"},"canonical":"https:\/\/drilopark.com\/?page_id=422","og_locale":"es_ES","og_type":"article","og_title":"Calibre 50 - DriloPark","og_description":"Calibre 50Un cumplea\u00f1os diferente Si eres mayor de 10 a\u00f1os tienes la oportunidad de celebrar un cumplea\u00f1os diferente jugando al paintball En paintball Calibre 50 disponemos de un equipo especializado y adaptado para ni\u00f1@s entre 10* y 16 a\u00f1os. Esta modalidad cuenta con el mismo equipamiento que la modalidad adulta (monos, chalecos protectores, mascaras profesionales) [&hellip;]","og_url":"https:\/\/drilopark.com\/?page_id=422","og_site_name":"DriloPark","article_modified_time":"2020-05-11T08:57:32+00:00","og_image":[{"url":"https:\/\/drilopark.com\/wp-content\/uploads\/2020\/04\/calibre-web-300x219.png"}],"twitter_card":"summary_large_image","twitter_misc":{"Tiempo de lectura":"2 minutos"},"schema":{"@context":"https:\/\/schema.org","@graph":[{"@type":"WebPage","@id":"https:\/\/drilopark.com\/?page_id=422","url":"https:\/\/drilopark.com\/?page_id=422","name":"Calibre 50 - DriloPark","isPartOf":{"@id":"https:\/\/drilopark.com\/#website"},"datePublished":"2020-03-30T12:40:24+00:00","dateModified":"2020-05-11T08:57:32+00:00","breadcrumb":{"@id":"https:\/\/drilopark.com\/?page_id=422#breadcrumb"},"inLanguage":"es","potentialAction":[{"@type":"ReadAction","target":["https:\/\/drilopark.com\/?page_id=422"]}]},{"@type":"BreadcrumbList","@id":"https:\/\/drilopark.com\/?page_id=422#breadcrumb","itemListElement":[{"@type":"ListItem","position":1,"name":"Portada","item":"https:\/\/drilopark.com\/"},{"@type":"ListItem","position":2,"name":"Calibre 50"}]},{"@type":"WebSite","@id":"https:\/\/drilopark.com\/#website","url":"https:\/\/drilopark.com\/","name":"DriloPark","description":"Parque Infantil","potentialAction":[{"@type":"SearchAction","target":{"@type":"EntryPoint","urlTemplate":"https:\/\/drilopark.com\/?s={search_term_string}"},"query-input":"required name=search_term_string"}],"inLanguage":"es"}]}},"_links":{"self":[{"href":"https:\/\/drilopark.com\/index.php?rest_route=\/wp\/v2\/pages\/422","targetHints":{"allow":["GET"]}}],"collection":[{"href":"https:\/\/drilopark.com\/index.php?rest_route=\/wp\/v2\/pages"}],"about":[{"href":"https:\/\/drilopark.com\/index.php?rest_route=\/wp\/v2\/types\/page"}],"author":[{"embeddable":true,"href":"https:\/\/drilopark.com\/index.php?rest_route=\/wp\/v2\/users\/1"}],"replies":[{"embeddable":true,"href":"https:\/\/drilopark.com\/index.php?rest_route=%2Fwp%2Fv2%2Fcomments&post=422"}],"version-history":[{"count":18,"href":"https:\/\/drilopark.com\/index.php?rest_route=\/wp\/v2\/pages\/422\/revisions"}],"predecessor-version":[{"id":1527,"href":"https:\/\/drilopark.com\/index.php?rest_route=\/wp\/v2\/pages\/422\/revisions\/1527"}],"wp:attachment":[{"href":"https:\/\/drilopark.com\/index.php?rest_route=%2Fwp%2Fv2%2Fmedia&parent=422"}],"curies":[{"name":"wp","href":"https:\/\/api.w.org\/{rel}","templated":true}]}}