{"id":403,"date":"2020-03-30T12:36:24","date_gmt":"2020-03-30T12:36:24","guid":{"rendered":"http:\/\/drilopark.com\/?page_id=403"},"modified":"2025-07-31T12:34:25","modified_gmt":"2025-07-31T12:34:25","slug":"cumpleanos","status":"publish","type":"page","link":"https:\/\/drilopark.com\/?page_id=403","title":{"rendered":"Cumplea\u00f1os"},"content":{"rendered":"[et_pb_section fb_built=\u00bb1&#8243; _builder_version=\u00bb4.16&#8243; background_color=\u00bb#72caee\u00bb locked=\u00bboff\u00bb global_colors_info=\u00bb{}\u00bb][et_pb_row _builder_version=\u00bb4.16&#8243; global_colors_info=\u00bb{}\u00bb][et_pb_column type=\u00bb4_4&#8243; _builder_version=\u00bb4.16&#8243; global_colors_info=\u00bb{}\u00bb][et_pb_text _builder_version=\u00bb4.16&#8243; text_font=\u00bbNeucha||||||||\u00bb text_font_size=\u00bb18px\u00bb header_3_font=\u00bbNeucha|700||on|||||\u00bb header_3_text_align=\u00bbcenter\u00bb header_3_text_color=\u00bb#edf000&#8243; header_3_font_size=\u00bb40px\u00bb custom_margin=\u00bb0px||45px||false|false\u00bb animation_style=\u00bbslide\u00bb global_colors_info=\u00bb{}\u00bb]\n<h3>Cumplea\u00f1os<\/h3>\n[\/et_pb_text][et_pb_text _builder_version=\u00bb4.16&#8243; text_font=\u00bbNeucha||||||||\u00bb text_text_color=\u00bb#ffffff\u00bb text_font_size=\u00bb20px\u00bb text_line_height=\u00bb1.2em\u00bb header_3_font=\u00bbNeucha|700||on|||||\u00bb header_3_text_align=\u00bbcenter\u00bb header_3_text_color=\u00bb#009e96&#8243; header_3_font_size=\u00bb25px\u00bb text_orientation=\u00bbcenter\u00bb custom_margin=\u00bb0px||45px||false|false\u00bb animation_style=\u00bbslide\u00bb global_colors_info=\u00bb{}\u00bb]\n<div dir=\"ltr\">\n<h3>\u00a1Toda una tarde de diversi\u00f3n!<\/h3>\n<\/div>\n<div dir=\"ltr\">\n<div>Tenemos una gran pista americana, muchos hinchables, pintacaras y<\/div>\n<div>un mont\u00f3n de actividades al aire libre donde disfrutar con todos tus amigos:<\/div>\n<div>toro mec\u00e1nico, tirolina, tiovivo, tren y muchas cosas m\u00e1s.<\/div>\n<\/div>\n<div dir=\"ltr\">\n<div>\u00a1Todos los ni\u00f1os quieren venir a celebrar sus cumplea\u00f1os en Drilopark!<\/div>\n<\/div>\n[\/et_pb_text][\/et_pb_column][\/et_pb_row][et_pb_row column_structure=\u00bb3_5,2_5&#8243; _builder_version=\u00bb4.16&#8243; global_colors_info=\u00bb{}\u00bb][et_pb_column type=\u00bb3_5&#8243; _builder_version=\u00bb4.16&#8243; global_colors_info=\u00bb{}\u00bb][et_pb_gallery gallery_ids=\u00bb1295,1298,1301,1302,1305,1300,1306,1102,1099,1128,1136,1135,1148,1116&#8243; posts_number=\u00bb20&#8243; dbdb_version=\u00bb3.9.9&#8243; show_title_and_caption=\u00bboff\u00bb show_pagination=\u00bboff\u00bb hover_icon=\u00bb&#x54;||divi||400&#8243; _builder_version=\u00bb4.16&#8243; animation_style=\u00bbslide\u00bb custom_css_gallery_item=\u00bbpadding: 3px;\u00bb border_radii_image=\u00bbon|30px|30px|30px|30px\u00bb border_width_all_image=\u00bb3px\u00bb border_color_all_image=\u00bb#8300e9&#8243; global_colors_info=\u00bb{}\u00bb][\/et_pb_gallery][\/et_pb_column][et_pb_column type=\u00bb2_5&#8243; _builder_version=\u00bb4.16&#8243; global_colors_info=\u00bb{}\u00bb][et_pb_image src=\u00bbhttps:\/\/drilopark.com\/wp-content\/uploads\/2025\/07\/folleto-dirlopark-2025-5-web.jpg\u00bb title_text=\u00bbfolleto-dirlopark-2025-5-web\u00bb _builder_version=\u00bb4.27.4&#8243; _module_preset=\u00bbdefault\u00bb hover_enabled=\u00bb0&#8243; global_colors_info=\u00bb{}\u00bb sticky_enabled=\u00bb0&#8243;][\/et_pb_image][\/et_pb_column][\/et_pb_row][\/et_pb_section]\n","protected":false},"excerpt":{"rendered":"<p>Cumplea\u00f1os \u00a1Toda una tarde de diversi\u00f3n! Tenemos una gran pista americana, muchos hinchables, pintacaras y un mont\u00f3n de actividades al aire libre donde disfrutar con todos tus amigos: toro mec\u00e1nico, tirolina, tiovivo, tren y muchas cosas m\u00e1s. \u00a1Todos los ni\u00f1os quieren venir a celebrar sus cumplea\u00f1os en Drilopark!<\/p>\n","protected":false},"author":1,"featured_media":0,"parent":0,"menu_order":0,"comment_status":"closed","ping_status":"closed","template":"","meta":{"_et_pb_use_builder":"on","_et_pb_old_content":"","_et_gb_content_width":"","footnotes":""},"class_list":["post-403","page","type-page","status-publish","hentry"],"yoast_head":"<!-- This site is optimized with the Yoast SEO plugin v19.8 - https:\/\/yoast.com\/wordpress\/plugins\/seo\/ -->\n<title>Cumplea\u00f1os - DriloPark<\/title>\n<meta name=\"robots\" content=\"index, follow, max-snippet:-1, max-image-preview:large, max-video-preview:-1\" \/>\n<link rel=\"canonical\" href=\"https:\/\/drilopark.com\/?page_id=403\" \/>\n<meta property=\"og:locale\" content=\"es_ES\" \/>\n<meta property=\"og:type\" content=\"article\" \/>\n<meta property=\"og:title\" content=\"Cumplea\u00f1os - DriloPark\" \/>\n<meta property=\"og:description\" content=\"Cumplea\u00f1os \u00a1Toda una tarde de diversi\u00f3n! Tenemos una gran pista americana, muchos hinchables, pintacaras y un mont\u00f3n de actividades al aire libre donde disfrutar con todos tus amigos: toro mec\u00e1nico, tirolina, tiovivo, tren y muchas cosas m\u00e1s. \u00a1Todos los ni\u00f1os quieren venir a celebrar sus cumplea\u00f1os en Drilopark!\" \/>\n<meta property=\"og:url\" content=\"https:\/\/drilopark.com\/?page_id=403\" \/>\n<meta property=\"og:site_name\" content=\"DriloPark\" \/>\n<meta property=\"article:modified_time\" content=\"2025-07-31T12:34:25+00:00\" \/>\n<meta name=\"twitter:card\" content=\"summary_large_image\" \/>\n<meta name=\"twitter:label1\" content=\"Tiempo de lectura\" \/>\n\t<meta name=\"twitter:data1\" content=\"1 minuto\" \/>\n<script type=\"application\/ld+json\" class=\"yoast-schema-graph\">{\"@context\":\"https:\/\/schema.org\",\"@graph\":[{\"@type\":\"WebPage\",\"@id\":\"https:\/\/drilopark.com\/?page_id=403\",\"url\":\"https:\/\/drilopark.com\/?page_id=403\",\"name\":\"Cumplea\u00f1os - DriloPark\",\"isPartOf\":{\"@id\":\"https:\/\/drilopark.com\/#website\"},\"datePublished\":\"2020-03-30T12:36:24+00:00\",\"dateModified\":\"2025-07-31T12:34:25+00:00\",\"breadcrumb\":{\"@id\":\"https:\/\/drilopark.com\/?page_id=403#breadcrumb\"},\"inLanguage\":\"es\",\"potentialAction\":[{\"@type\":\"ReadAction\",\"target\":[\"https:\/\/drilopark.com\/?page_id=403\"]}]},{\"@type\":\"BreadcrumbList\",\"@id\":\"https:\/\/drilopark.com\/?page_id=403#breadcrumb\",\"itemListElement\":[{\"@type\":\"ListItem\",\"position\":1,\"name\":\"Portada\",\"item\":\"https:\/\/drilopark.com\/\"},{\"@type\":\"ListItem\",\"position\":2,\"name\":\"Cumplea\u00f1os\"}]},{\"@type\":\"WebSite\",\"@id\":\"https:\/\/drilopark.com\/#website\",\"url\":\"https:\/\/drilopark.com\/\",\"name\":\"DriloPark\",\"description\":\"Parque Infantil\",\"potentialAction\":[{\"@type\":\"SearchAction\",\"target\":{\"@type\":\"EntryPoint\",\"urlTemplate\":\"https:\/\/drilopark.com\/?s={search_term_string}\"},\"query-input\":\"required name=search_term_string\"}],\"inLanguage\":\"es\"}]}<\/script>\n<!-- \/ Yoast SEO plugin. -->","yoast_head_json":{"title":"Cumplea\u00f1os - DriloPark","robots":{"index":"index","follow":"follow","max-snippet":"max-snippet:-1","max-image-preview":"max-image-preview:large","max-video-preview":"max-video-preview:-1"},"canonical":"https:\/\/drilopark.com\/?page_id=403","og_locale":"es_ES","og_type":"article","og_title":"Cumplea\u00f1os - DriloPark","og_description":"Cumplea\u00f1os \u00a1Toda una tarde de diversi\u00f3n! Tenemos una gran pista americana, muchos hinchables, pintacaras y un mont\u00f3n de actividades al aire libre donde disfrutar con todos tus amigos: toro mec\u00e1nico, tirolina, tiovivo, tren y muchas cosas m\u00e1s. \u00a1Todos los ni\u00f1os quieren venir a celebrar sus cumplea\u00f1os en Drilopark!","og_url":"https:\/\/drilopark.com\/?page_id=403","og_site_name":"DriloPark","article_modified_time":"2025-07-31T12:34:25+00:00","twitter_card":"summary_large_image","twitter_misc":{"Tiempo de lectura":"1 minuto"},"schema":{"@context":"https:\/\/schema.org","@graph":[{"@type":"WebPage","@id":"https:\/\/drilopark.com\/?page_id=403","url":"https:\/\/drilopark.com\/?page_id=403","name":"Cumplea\u00f1os - DriloPark","isPartOf":{"@id":"https:\/\/drilopark.com\/#website"},"datePublished":"2020-03-30T12:36:24+00:00","dateModified":"2025-07-31T12:34:25+00:00","breadcrumb":{"@id":"https:\/\/drilopark.com\/?page_id=403#breadcrumb"},"inLanguage":"es","potentialAction":[{"@type":"ReadAction","target":["https:\/\/drilopark.com\/?page_id=403"]}]},{"@type":"BreadcrumbList","@id":"https:\/\/drilopark.com\/?page_id=403#breadcrumb","itemListElement":[{"@type":"ListItem","position":1,"name":"Portada","item":"https:\/\/drilopark.com\/"},{"@type":"ListItem","position":2,"name":"Cumplea\u00f1os"}]},{"@type":"WebSite","@id":"https:\/\/drilopark.com\/#website","url":"https:\/\/drilopark.com\/","name":"DriloPark","description":"Parque Infantil","potentialAction":[{"@type":"SearchAction","target":{"@type":"EntryPoint","urlTemplate":"https:\/\/drilopark.com\/?s={search_term_string}"},"query-input":"required name=search_term_string"}],"inLanguage":"es"}]}},"_links":{"self":[{"href":"https:\/\/drilopark.com\/index.php?rest_route=\/wp\/v2\/pages\/403","targetHints":{"allow":["GET"]}}],"collection":[{"href":"https:\/\/drilopark.com\/index.php?rest_route=\/wp\/v2\/pages"}],"about":[{"href":"https:\/\/drilopark.com\/index.php?rest_route=\/wp\/v2\/types\/page"}],"author":[{"embeddable":true,"href":"https:\/\/drilopark.com\/index.php?rest_route=\/wp\/v2\/users\/1"}],"replies":[{"embeddable":true,"href":"https:\/\/drilopark.com\/index.php?rest_route=%2Fwp%2Fv2%2Fcomments&post=403"}],"version-history":[{"count":36,"href":"https:\/\/drilopark.com\/index.php?rest_route=\/wp\/v2\/pages\/403\/revisions"}],"predecessor-version":[{"id":1712,"href":"https:\/\/drilopark.com\/index.php?rest_route=\/wp\/v2\/pages\/403\/revisions\/1712"}],"wp:attachment":[{"href":"https:\/\/drilopark.com\/index.php?rest_route=%2Fwp%2Fv2%2Fmedia&parent=403"}],"curies":[{"name":"wp","href":"https:\/\/api.w.org\/{rel}","templated":true}]}}