{"id":334,"date":"2020-03-27T11:28:15","date_gmt":"2020-03-27T11:28:15","guid":{"rendered":"http:\/\/drilopark.com\/?page_id=334"},"modified":"2021-09-10T10:19:35","modified_gmt":"2021-09-10T10:19:35","slug":"nuevo","status":"publish","type":"page","link":"https:\/\/drilopark.com\/","title":{"rendered":"Inicio"},"content":{"rendered":"[et_pb_section fb_built=\u00bb1&#8243; _builder_version=\u00bb4.10.6&#8243; use_background_color_gradient=\u00bbon\u00bb background_color_gradient_start=\u00bbrgba(114,202,238,0.65)\u00bb background_color_gradient_end=\u00bbrgba(114,202,238,0.65)\u00bb background_color_gradient_overlays_image=\u00bbon\u00bb background_image=\u00bbhttps:\/\/drilopark.com\/wp-content\/uploads\/2020\/04\/instalaciones-rename15.jpg\u00bb locked=\u00bboff\u00bb global_colors_info=\u00bb{}\u00bb][et_pb_row column_structure=\u00bb1_3,1_3,1_3&#8243; use_custom_gutter=\u00bbon\u00bb gutter_width=\u00bb1&#8243; _builder_version=\u00bb4.4.5&#8243; width=\u00bb100%\u00bb max_width=\u00bb1600px\u00bb height=\u00bb700px\u00bb global_colors_info=\u00bb{}\u00bb][et_pb_column type=\u00bb1_3&#8243; _builder_version=\u00bb4.4.3&#8243; global_colors_info=\u00bb{}\u00bb][et_pb_text _builder_version=\u00bb4.4.5&#8243; text_font=\u00bbNeucha|700|||||||\u00bb text_text_color=\u00bb#5a0c1c\u00bb text_font_size=\u00bb15px\u00bb text_line_height=\u00bb1.2em\u00bb header_font=\u00bb||||||||\u00bb header_6_font=\u00bb||||||||\u00bb background_enable_color=\u00bboff\u00bb text_orientation=\u00bbjustified\u00bb max_width=\u00bb800px\u00bb module_alignment=\u00bbcenter\u00bb custom_margin=\u00bb0px||||false|false\u00bb custom_padding=\u00bb0px|0px|0px|18px|false|false\u00bb animation_style=\u00bbslide\u00bb text_font_size_tablet=\u00bb\u00bb text_font_size_phone=\u00bb14px\u00bb text_font_size_last_edited=\u00bbon|phone\u00bb border_radii=\u00bbon|40px|40px|40px|40px\u00bb locked=\u00bboff\u00bb global_colors_info=\u00bb{}\u00bb]\n<p><img loading=\"lazy\" decoding=\"async\" src=\"https:\/\/drilopark.com\/wp-content\/uploads\/2018\/09\/bienvenidos-peq.png\" width=\"250\" height=\"60\" alt=\"\" class=\"wp-image-126 alignnone size-full\" style=\"display: block; margin-left: auto; margin-right: auto;\" \/><\/p>\n<p>El Parque de Ocio lo inauguramos en 2007 con mas de 3.000 m2 e infinidad de actividades enfocadas principalmente a la poblaci\u00f3n infantil y juvenil, desde los 2 a los 15 a\u00f1os.<\/p>\n<p>En los \u00faltimos 13 a\u00f1os, hemos organizado m\u00e1s de 700 excursiones realizadas para diferentes Centros Educativos, pertenecientes tanto a \u00e9sta, como a otras Comunidades Aut\u00f3nomas lim\u00edtrofes; las casi 300 Comuniones; y los mas de 6.000 cumplea\u00f1os realizados durante estos a\u00f1os avalan nuestra experiencia, profesionalidad, y sobre todo excelente servicio por lo que tenemos m\u00e1s del 99% de clientes que repiten la experiencia que proponemos en DriloPark.<\/p>\n<p>Centramos todos nuestro esfuerzo en dar respuesta a todas las demandas y necesidades de nuestros clientes por lo que \u00e9sta continua evaluaci\u00f3n de nuestros servicios, nos permiten mantener una mejora de los mismos, no solamente mejorar en lo que venimos haciendo sino el ir ampliando nuestra oferta, innovando en los servicios e instalaciones. No solamente trabajamos para que los ni\u00f1os sigan teniendo entre sus preferencias a DriloPark sino para que los adultos tambi\u00e9n disfruten en el espacio dedicado a ellos.<\/p>\n<p>Nos distinguimos por la atenci\u00f3n y cuidado que se da a los ni\u00f1@s, siempre acompa\u00f1ados de monitores de ocio cualificados y con muchos a\u00f1os de experiencia. En nuestras instalaciones los ni\u00f1os nunca est\u00e1n solos, eso permite que los padres, profesores, acompa\u00f1antes puedan relajarse y disfrutar del momento de celebraci\u00f3n sin tener que atender a sus ni\u00f1@s. Ellos tambi\u00e9n pueden disfrutar de su tiempo en el Parque. <span style=\"text-decoration: line-through;\"><\/span><\/p>\n<p>Disponemos del primer DriloPark a nivel nacional, en donde podr\u00e1n encontrar a Drilo y su pandilla, hacerse fotos o bailar con \u00e9l.<\/p>\n<p>NO SOMOS UN PARQUE INFANTIL M\u00c1S, ofrecemos una gran variedad de actividades que satisfacen desde a los ni\u00f1@s m\u00e1s peque\u00f1os como a los ya adolescentes. Ampliamos por lo tanto el rango de edad para que pueda disfrutar toda la familia con Actividades como toro mec\u00e1nico, roc\u00f3dromo- tirolina, ciclocars de pedales, paintball l\u00e1ser, campo de f\u00fatbol, y la incorporaci\u00f3n de un gran campo de Paintball Calibre 50 adaptado para los m\u00e1s mayores enfocado principalmente a ni\u00f1@s y j\u00f3venes de 10 a 16 a\u00f1os.<\/p>\n<p>Esperamos que pod\u00e1is disfrutar de toda nuestra oferta pr\u00f3ximamente.<\/p>\n[\/et_pb_text][\/et_pb_column][et_pb_column type=\u00bb1_3&#8243; _builder_version=\u00bb4.4.3&#8243; global_colors_info=\u00bb{}\u00bb][et_pb_slider show_arrows=\u00bboff\u00bb show_pagination=\u00bboff\u00bb use_bg_overlay=\u00bboff\u00bb use_text_overlay=\u00bboff\u00bb _builder_version=\u00bb4.10.6&#8243; module_alignment=\u00bbcenter\u00bb height=\u00bb650px\u00bb max_height=\u00bb650px\u00bb custom_margin=\u00bb90px||||false|false\u00bb custom_padding=\u00bb|||0px|false|false\u00bb animation_style=\u00bbbounce\u00bb auto=\u00bbon\u00bb auto_speed=\u00bb2500&#8243; auto_ignore_hover=\u00bbon\u00bb hover_enabled=\u00bb0&#8243; global_colors_info=\u00bb{}\u00bb sticky_enabled=\u00bb0&#8243;][et_pb_slide image=\u00bbhttps:\/\/drilopark.com\/wp-content\/uploads\/2018\/09\/driloparkludoteca.png\u00bb _builder_version=\u00bb4.10.6&#8243; background_color=\u00bbrgba(0,0,0,0)\u00bb background_enable_color=\u00bbon\u00bb hover_enabled=\u00bb0&#8243; global_colors_info=\u00bb{}\u00bb sticky_transition=\u00bbon\u00bb sticky_enabled=\u00bb0&#8243;][\/et_pb_slide][et_pb_slide image=\u00bbhttps:\/\/drilopark.com\/wp-content\/uploads\/2020\/04\/pandilla-inicio-web.png\u00bb _builder_version=\u00bb4.4.3&#8243; background_color=\u00bbrgba(0,0,0,0)\u00bb background_enable_color=\u00bbon\u00bb global_colors_info=\u00bb{}\u00bb sticky_transition=\u00bbon\u00bb][\/et_pb_slide][et_pb_slide image=\u00bbhttps:\/\/drilopark.com\/wp-content\/uploads\/2020\/04\/celebraciones-nuevo3-web.png\u00bb _builder_version=\u00bb4.10.6&#8243; background_color=\u00bbrgba(0,0,0,0)\u00bb background_enable_color=\u00bbon\u00bb hover_enabled=\u00bb0&#8243; global_colors_info=\u00bb{}\u00bb sticky_transition=\u00bbon\u00bb sticky_enabled=\u00bb0&#8243;][\/et_pb_slide][et_pb_slide image=\u00bbhttps:\/\/drilopark.com\/wp-content\/uploads\/2020\/04\/centros-nuevo2-web2.png\u00bb _builder_version=\u00bb4.10.6&#8243; background_color=\u00bbrgba(0,0,0,0)\u00bb background_enable_color=\u00bbon\u00bb hover_enabled=\u00bb0&#8243; global_colors_info=\u00bb{}\u00bb sticky_transition=\u00bbon\u00bb sticky_enabled=\u00bb0&#8243;][\/et_pb_slide][et_pb_slide image=\u00bbhttps:\/\/drilopark.com\/wp-content\/uploads\/2020\/04\/ludoteca-nuevo3-web.png\u00bb _builder_version=\u00bb4.10.6&#8243; background_color=\u00bbrgba(0,0,0,0)\u00bb background_enable_color=\u00bbon\u00bb hover_enabled=\u00bb0&#8243; global_colors_info=\u00bb{}\u00bb sticky_transition=\u00bbon\u00bb sticky_enabled=\u00bb0&#8243;][\/et_pb_slide][et_pb_slide image=\u00bbhttps:\/\/drilopark.com\/wp-content\/uploads\/2020\/04\/grandes-nuevo2-web.png\u00bb _builder_version=\u00bb4.10.6&#8243; background_color=\u00bbrgba(0,0,0,0)\u00bb background_enable_color=\u00bbon\u00bb hover_enabled=\u00bb0&#8243; global_colors_info=\u00bb{}\u00bb sticky_transition=\u00bbon\u00bb sticky_enabled=\u00bb0&#8243;][\/et_pb_slide][et_pb_slide image=\u00bbhttps:\/\/drilopark.com\/wp-content\/uploads\/2020\/04\/calibre-nuevo2-web.png\u00bb _builder_version=\u00bb4.10.6&#8243; background_color=\u00bbrgba(0,0,0,0)\u00bb background_enable_color=\u00bbon\u00bb hover_enabled=\u00bb0&#8243; global_colors_info=\u00bb{}\u00bb sticky_transition=\u00bbon\u00bb sticky_enabled=\u00bb0&#8243;][\/et_pb_slide][\/et_pb_slider][\/et_pb_column][et_pb_column type=\u00bb1_3&#8243; _builder_version=\u00bb4.4.3&#8243; global_colors_info=\u00bb{}\u00bb][et_pb_image src=\u00bbhttps:\/\/drilopark.com\/wp-content\/uploads\/2020\/04\/vista-area-con-forma-web5.png\u00bb _builder_version=\u00bb4.4.3&#8243; animation_style=\u00bbslide\u00bb border_color_all=\u00bb#ffffff\u00bb global_colors_info=\u00bb{}\u00bb][\/et_pb_image][\/et_pb_column][\/et_pb_row][\/et_pb_section]\n","protected":false},"excerpt":{"rendered":"<p>El Parque de Ocio lo inauguramos en 2007 con mas de 3.000 m2 e infinidad de actividades enfocadas principalmente a la poblaci\u00f3n infantil y juvenil, desde los 2 a los 15 a\u00f1os. En los \u00faltimos 13 a\u00f1os, hemos organizado m\u00e1s de 700 excursiones realizadas para diferentes Centros Educativos, pertenecientes tanto a \u00e9sta, como a otras [&hellip;]<\/p>\n","protected":false},"author":1,"featured_media":0,"parent":0,"menu_order":0,"comment_status":"closed","ping_status":"closed","template":"","meta":{"_et_pb_use_builder":"on","_et_pb_old_content":"","_et_gb_content_width":"","footnotes":""},"class_list":["post-334","page","type-page","status-publish","hentry"],"yoast_head":"<!-- This site is optimized with the Yoast SEO plugin v19.8 - https:\/\/yoast.com\/wordpress\/plugins\/seo\/ -->\n<title>Inicio - DriloPark<\/title>\n<meta name=\"robots\" content=\"index, follow, max-snippet:-1, max-image-preview:large, max-video-preview:-1\" \/>\n<link rel=\"canonical\" href=\"https:\/\/drilopark.com\/\" \/>\n<meta property=\"og:locale\" content=\"es_ES\" \/>\n<meta property=\"og:type\" content=\"article\" \/>\n<meta property=\"og:title\" content=\"Inicio - DriloPark\" \/>\n<meta property=\"og:description\" content=\"El Parque de Ocio lo inauguramos en 2007 con mas de 3.000 m2 e infinidad de actividades enfocadas principalmente a la poblaci\u00f3n infantil y juvenil, desde los 2 a los 15 a\u00f1os. En los \u00faltimos 13 a\u00f1os, hemos organizado m\u00e1s de 700 excursiones realizadas para diferentes Centros Educativos, pertenecientes tanto a \u00e9sta, como a otras [&hellip;]\" \/>\n<meta property=\"og:url\" content=\"https:\/\/drilopark.com\/\" \/>\n<meta property=\"og:site_name\" content=\"DriloPark\" \/>\n<meta property=\"article:modified_time\" content=\"2021-09-10T10:19:35+00:00\" \/>\n<meta property=\"og:image\" content=\"https:\/\/drilopark.com\/wp-content\/uploads\/2018\/09\/bienvenidos-peq.png\" \/>\n<meta name=\"twitter:card\" content=\"summary_large_image\" \/>\n<meta name=\"twitter:label1\" content=\"Tiempo de lectura\" \/>\n\t<meta name=\"twitter:data1\" content=\"4 minutos\" \/>\n<script type=\"application\/ld+json\" class=\"yoast-schema-graph\">{\"@context\":\"https:\/\/schema.org\",\"@graph\":[{\"@type\":\"WebPage\",\"@id\":\"https:\/\/drilopark.com\/\",\"url\":\"https:\/\/drilopark.com\/\",\"name\":\"Inicio - DriloPark\",\"isPartOf\":{\"@id\":\"https:\/\/drilopark.com\/#website\"},\"datePublished\":\"2020-03-27T11:28:15+00:00\",\"dateModified\":\"2021-09-10T10:19:35+00:00\",\"breadcrumb\":{\"@id\":\"https:\/\/drilopark.com\/#breadcrumb\"},\"inLanguage\":\"es\",\"potentialAction\":[{\"@type\":\"ReadAction\",\"target\":[\"https:\/\/drilopark.com\/\"]}]},{\"@type\":\"BreadcrumbList\",\"@id\":\"https:\/\/drilopark.com\/#breadcrumb\",\"itemListElement\":[{\"@type\":\"ListItem\",\"position\":1,\"name\":\"Portada\",\"item\":\"https:\/\/drilopark.com\/\"},{\"@type\":\"ListItem\",\"position\":2,\"name\":\"Inicio\"}]},{\"@type\":\"WebSite\",\"@id\":\"https:\/\/drilopark.com\/#website\",\"url\":\"https:\/\/drilopark.com\/\",\"name\":\"DriloPark\",\"description\":\"Parque Infantil\",\"potentialAction\":[{\"@type\":\"SearchAction\",\"target\":{\"@type\":\"EntryPoint\",\"urlTemplate\":\"https:\/\/drilopark.com\/?s={search_term_string}\"},\"query-input\":\"required name=search_term_string\"}],\"inLanguage\":\"es\"}]}<\/script>\n<!-- \/ Yoast SEO plugin. -->","yoast_head_json":{"title":"Inicio - DriloPark","robots":{"index":"index","follow":"follow","max-snippet":"max-snippet:-1","max-image-preview":"max-image-preview:large","max-video-preview":"max-video-preview:-1"},"canonical":"https:\/\/drilopark.com\/","og_locale":"es_ES","og_type":"article","og_title":"Inicio - DriloPark","og_description":"El Parque de Ocio lo inauguramos en 2007 con mas de 3.000 m2 e infinidad de actividades enfocadas principalmente a la poblaci\u00f3n infantil y juvenil, desde los 2 a los 15 a\u00f1os. En los \u00faltimos 13 a\u00f1os, hemos organizado m\u00e1s de 700 excursiones realizadas para diferentes Centros Educativos, pertenecientes tanto a \u00e9sta, como a otras [&hellip;]","og_url":"https:\/\/drilopark.com\/","og_site_name":"DriloPark","article_modified_time":"2021-09-10T10:19:35+00:00","og_image":[{"url":"https:\/\/drilopark.com\/wp-content\/uploads\/2018\/09\/bienvenidos-peq.png"}],"twitter_card":"summary_large_image","twitter_misc":{"Tiempo de lectura":"4 minutos"},"schema":{"@context":"https:\/\/schema.org","@graph":[{"@type":"WebPage","@id":"https:\/\/drilopark.com\/","url":"https:\/\/drilopark.com\/","name":"Inicio - DriloPark","isPartOf":{"@id":"https:\/\/drilopark.com\/#website"},"datePublished":"2020-03-27T11:28:15+00:00","dateModified":"2021-09-10T10:19:35+00:00","breadcrumb":{"@id":"https:\/\/drilopark.com\/#breadcrumb"},"inLanguage":"es","potentialAction":[{"@type":"ReadAction","target":["https:\/\/drilopark.com\/"]}]},{"@type":"BreadcrumbList","@id":"https:\/\/drilopark.com\/#breadcrumb","itemListElement":[{"@type":"ListItem","position":1,"name":"Portada","item":"https:\/\/drilopark.com\/"},{"@type":"ListItem","position":2,"name":"Inicio"}]},{"@type":"WebSite","@id":"https:\/\/drilopark.com\/#website","url":"https:\/\/drilopark.com\/","name":"DriloPark","description":"Parque Infantil","potentialAction":[{"@type":"SearchAction","target":{"@type":"EntryPoint","urlTemplate":"https:\/\/drilopark.com\/?s={search_term_string}"},"query-input":"required name=search_term_string"}],"inLanguage":"es"}]}},"_links":{"self":[{"href":"https:\/\/drilopark.com\/index.php?rest_route=\/wp\/v2\/pages\/334","targetHints":{"allow":["GET"]}}],"collection":[{"href":"https:\/\/drilopark.com\/index.php?rest_route=\/wp\/v2\/pages"}],"about":[{"href":"https:\/\/drilopark.com\/index.php?rest_route=\/wp\/v2\/types\/page"}],"author":[{"embeddable":true,"href":"https:\/\/drilopark.com\/index.php?rest_route=\/wp\/v2\/users\/1"}],"replies":[{"embeddable":true,"href":"https:\/\/drilopark.com\/index.php?rest_route=%2Fwp%2Fv2%2Fcomments&post=334"}],"version-history":[{"count":164,"href":"https:\/\/drilopark.com\/index.php?rest_route=\/wp\/v2\/pages\/334\/revisions"}],"predecessor-version":[{"id":1677,"href":"https:\/\/drilopark.com\/index.php?rest_route=\/wp\/v2\/pages\/334\/revisions\/1677"}],"wp:attachment":[{"href":"https:\/\/drilopark.com\/index.php?rest_route=%2Fwp%2Fv2%2Fmedia&parent=334"}],"curies":[{"name":"wp","href":"https:\/\/api.w.org\/{rel}","templated":true}]}}